{"id":79,"date":"2016-06-11T19:39:25","date_gmt":"2016-06-11T17:39:25","guid":{"rendered":"http:\/\/lesbotta.neowordpress.fr\/?page_id=79"},"modified":"2016-06-11T19:39:25","modified_gmt":"2016-06-11T17:39:25","slug":"infos","status":"publish","type":"page","link":"https:\/\/lesbotta.com\/index.php\/infos\/","title":{"rendered":"Infos"},"content":{"rendered":"<p>[et_pb_section bb_built=\u00a0\u00bb1&Prime; admin_label=\u00a0\u00bbsection\u00a0\u00bb][et_pb_row admin_label=\u00a0\u00bbrow\u00a0\u00bb background_position=\u00a0\u00bbtop_left\u00a0\u00bb background_repeat=\u00a0\u00bbrepeat\u00a0\u00bb background_size=\u00a0\u00bbinitial\u00a0\u00bb][et_pb_column type=\u00a0\u00bb1_3&Prime;][et_pb_text background_layout=\u00a0\u00bblight\u00a0\u00bb text_orientation=\u00a0\u00bbleft\u00a0\u00bb use_border_color=\u00a0\u00bboff\u00a0\u00bb border_color=\u00a0\u00bb#ffffff\u00a0\u00bb border_style=\u00a0\u00bbsolid\u00a0\u00bb background_position=\u00a0\u00bbtop_left\u00a0\u00bb background_repeat=\u00a0\u00bbrepeat\u00a0\u00bb background_size=\u00a0\u00bbinitial\u00a0\u00bb _builder_version=\u00a0\u00bb3.21.1&Prime;]<\/p>\n<h2 class=\"p1\">Collections et Achats<\/h2>\n<p class=\"p2\">Mus\u00e9e National de la C\u00e9ramique de S\u00e9vres (France)<\/p>\n<p class=\"p2\">Mus\u00e9e des Arts d\u00e9coratifs &#8211; Paris (France)<\/p>\n<p class=\"p2\">Mus\u00e9e de Darmstadt (Allemagne)<\/p>\n<p class=\"p2\">Mus\u00e9e Taipei (Chine)<\/p>\n<p class=\"p2\">Mus\u00e9e d&rsquo;Art moderne Los Angeles (USA)<\/p>\n<p class=\"p2\">Mus\u00e9e de la C\u00e9ramique Faienza (Italie)<\/p>\n<p class=\"p2\">Mus\u00e9e de Trouville (France)<\/p>\n<p class=\"p2\">Mus\u00e9e de M\u00e2con (France)<\/p>\n<p class=\"p2\">Mus\u00e9e S&rsquo;hertogenbosh (Pays Bas)<\/p>\n<p class=\"p2\">Achat de FNAC en 1982 et en 1987<\/p>\n<p class=\"p2\">Achat du CNAP en 2002<\/p>\n<p class=\"p1\">Achat du Minist<span class=\"s1\">\u00e8<\/span>re des affaires <span class=\"s1\">\u00e9<\/span>trang<span class=\"s1\">\u00e8<\/span>res, Tunisie 2004<\/p>\n<p class=\"p1\">Achat de la mus<span class=\"s1\">\u00e9<\/span>e de la piscine Roubaix en 2006<\/p>\n<p class=\"p1\">Achat et Medaille d&rsquo;or, Chelsea Angleterre en 2006<\/p>\n<h2 class=\"p1\">Les prix<\/h2>\n<p class=\"p2\">Prix en Achat du Minist\u00e8re de la Culture Faienza (Italie)<\/p>\n<p class=\"p2\">Prix INAX &#8211; Design (Japon)<\/p>\n<p>[\/et_pb_text][\/et_pb_column][et_pb_column type=\u00a0\u00bb1_3&Prime;][et_pb_text background_layout=\u00a0\u00bblight\u00a0\u00bb text_orientation=\u00a0\u00bbleft\u00a0\u00bb use_border_color=\u00a0\u00bboff\u00a0\u00bb border_color=\u00a0\u00bb#ffffff\u00a0\u00bb border_style=\u00a0\u00bbsolid\u00a0\u00bb background_position=\u00a0\u00bbtop_left\u00a0\u00bb background_repeat=\u00a0\u00bbrepeat\u00a0\u00bb background_size=\u00a0\u00bbinitial\u00a0\u00bb]<\/p>\n<h2 class=\"p1\">Expositions Internationales<\/h2>\n<p class=\"p2\">Japon &#8211; Pays Bas &#8211; Allemagne &#8211; Italie &#8211; Suisse<\/p>\n<p class=\"p2\">Installation Beyrouth (Liban)<\/p>\n<p class=\"p2\">50 pieces pour Karl Lagerfeld<\/p>\n<h2 class=\"p2\">Catalogues : Expo<\/h2>\n<p class=\"p2\">1982 C\u00e9ramique fran\u00e7aise contemporaine<\/p>\n<p class=\"p2\">Sources et Courants<\/p>\n<p class=\"p2\">1984 Salle Pleyel &#8211; Vente aux encheres<\/p>\n<p class=\"p2\">1985 Figuration Terre<\/p>\n<p class=\"p2\">1987 Faienza concours international<\/p>\n<p class=\"p2\">1988 Keramich Darmstadt<\/p>\n<p class=\"p2\">1989 Mino Japon<\/p>\n<p class=\"p2\">1989 Excentrique \u00ab\u00a0Teapot\u00a0\u00bb de Garthclark<\/p>\n<p class=\"p2\">Robert Lafont<\/p>\n<p class=\"p2\">1990 L&rsquo;Europe des C\u00e9ramistes<\/p>\n<p class=\"p2\">1991 \u00ab\u00a0Opening\u00a0\u00bb projet Hollande<\/p>\n<p class=\"p2\">1992 Spaden Expo priv\u00e9e 1\/4 copie<\/p>\n<p class=\"p2\">1992 Mouvements et reliefs Mus\u00e9e de Trouville<\/p>\n<p class=\"p2\">1996 Bewegung Europaeische Keramik Frechen<\/p>\n<p class=\"p2\">1998 \u00ab\u00a0Le geste et la couleur\u00a0\u00bb une po\u00e9tique c\u00e9ramique<\/p>\n<p class=\"p2\">Mus\u00e9e Picasso Vallauris<\/p>\n<p class=\"p2\">2004 Exposition jardin de la r\u00e9sidence de DAR AL Kamila<\/p>\n<p class=\"p2\">\u00e0 Tunis, Tunisie<\/p>\n<p>[\/et_pb_text][\/et_pb_column][et_pb_column type=\u00a0\u00bb1_3&Prime;][et_pb_text background_layout=\u00a0\u00bblight\u00a0\u00bb text_orientation=\u00a0\u00bbleft\u00a0\u00bb use_border_color=\u00a0\u00bboff\u00a0\u00bb border_color=\u00a0\u00bb#ffffff\u00a0\u00bb border_style=\u00a0\u00bbsolid\u00a0\u00bb background_position=\u00a0\u00bbtop_left\u00a0\u00bb background_repeat=\u00a0\u00bbrepeat\u00a0\u00bb background_size=\u00a0\u00bbinitial\u00a0\u00bb]<\/p>\n<h2 class=\"p1\">Les Th\u00e9ieres Fran\u00e7aises<\/h2>\n<p class=\"p2\">Faiences Bercelaines de Bernadette Loison<\/p>\n<p class=\"p2\">Edition Massin<\/p>\n<h2 class=\"p1\">Les Revues<\/h2>\n<p class=\"p2\">Cot\u00e9 Sud, juin-juillet 2000<\/p>\n<p class=\"p2\">Marie Claire Maison, N\u00ba 375, septembre 2002<\/p>\n<p class=\"p1\">Living at Home, 2002<\/p>\n<p class=\"p2\">Elle d\u00e9coration Allemagne, f\u00e9vrier-avril 2001<\/p>\n<p class=\"p2\">Living At Home Allemagne, N\u00ba 11, 2002<\/p>\n<p class=\"p2\">Ateliers d&rsquo;Art N\u00ba 45, mai-juin 2003<\/p>\n<p class=\"p2\">L&rsquo;Express, semaine du 19 au 25 juillet 2001<\/p>\n<p class=\"p2\">Le Figaro, juin 2003<\/p>\n<p class=\"p2\">Vogue USA, avril 2002<\/p>\n<p class=\"p1\">\u00ab\u00a0The world of interiors\u00a0\u00bb, Avril 2005<\/p>\n<p class=\"p1\">Plaisir du Gers No1, 2005<\/p>\n<p class=\"p1\">100 id<span class=\"s1\">\u00e9<\/span>es Jardin No27, 2005<\/p>\n<p class=\"p1\">Maison Nature \u00ab\u00a0<span class=\"s1\">\u00e9<\/span>diteur Aubanel\u00a0\u00bb, Super D<span class=\"s1\">\u00e9<\/span>co Greque, Mai 2005<\/p>\n<p class=\"p1\">Architecture a vivre, Septembre 2006<\/p>\n<p class=\"p1\">\u00ab\u00a0Maison fran<span class=\"s1\">\u00e7<\/span>aise\u00a0\u00bb, Hors-serie No22, 2006<\/p>\n<p class=\"p1\">Cinquante ans de c<span class=\"s1\">\u00e9<\/span>ramique fran<span class=\"s1\">\u00e7<\/span>aise, 1955 &#8211; 2005, D&rsquo;Antoinette Fay-Halle<\/p>\n<p>[\/et_pb_text][\/et_pb_column][\/et_pb_row][et_pb_row][et_pb_column type=\u00a0\u00bb1_3&Prime;][et_pb_text _builder_version=\u00a0\u00bb3.21.1&Prime; z_index_tablet=\u00a0\u00bb500&Prime;]<\/p>\n<h2 class=\"p1\">Projets<\/h2>\n<p class=\"p2\">2017-2018 : Nanterre la D\u00e9fense \u00ab\u00a0la Ville est Un Roman\u00a0\u00bb<\/p>\n<p>[\/et_pb_text][\/et_pb_column][et_pb_column type=\u00a0\u00bb2_3&Prime;][et_pb_video _builder_version=\u00a0\u00bb3.21.1&Prime; src=\u00a0\u00bbhttp:\/\/france.domaine.infos.free.fr\/botta\/laVilleEstUnRoman-540p.mp4&Prime; z_index_tablet=\u00a0\u00bb500&Prime; \/][\/et_pb_column][\/et_pb_row][\/et_pb_section]<\/p>\n","protected":false},"excerpt":{"rendered":"<p>Collections et Achats Mus\u00e9e National de la C\u00e9ramique de S\u00e9vres (France) Mus\u00e9e des Arts d\u00e9coratifs &#8211; Paris (France) Mus\u00e9e de Darmstadt (Allemagne) Mus\u00e9e Taipei (Chine) Mus\u00e9e d&rsquo;Art moderne Los Angeles (USA) Mus\u00e9e de la C\u00e9ramique Faienza (Italie) Mus\u00e9e de Trouville (France) Mus\u00e9e de M\u00e2con (France) Mus\u00e9e S&rsquo;hertogenbosh (Pays Bas) Achat de FNAC en 1982 et [&hellip;]<\/p>\n","protected":false},"author":1,"featured_media":0,"parent":0,"menu_order":0,"comment_status":"closed","ping_status":"closed","template":"","meta":{"_et_pb_use_builder":"on","_et_pb_old_content":"","_et_gb_content_width":"","footnotes":""},"class_list":["post-79","page","type-page","status-publish","hentry"],"_links":{"self":[{"href":"https:\/\/lesbotta.com\/index.php\/wp-json\/wp\/v2\/pages\/79","targetHints":{"allow":["GET"]}}],"collection":[{"href":"https:\/\/lesbotta.com\/index.php\/wp-json\/wp\/v2\/pages"}],"about":[{"href":"https:\/\/lesbotta.com\/index.php\/wp-json\/wp\/v2\/types\/page"}],"author":[{"embeddable":true,"href":"https:\/\/lesbotta.com\/index.php\/wp-json\/wp\/v2\/users\/1"}],"replies":[{"embeddable":true,"href":"https:\/\/lesbotta.com\/index.php\/wp-json\/wp\/v2\/comments?post=79"}],"version-history":[{"count":0,"href":"https:\/\/lesbotta.com\/index.php\/wp-json\/wp\/v2\/pages\/79\/revisions"}],"wp:attachment":[{"href":"https:\/\/lesbotta.com\/index.php\/wp-json\/wp\/v2\/media?parent=79"}],"curies":[{"name":"wp","href":"https:\/\/api.w.org\/{rel}","templated":true}]}}